{"id":8,"date":"2024-11-19T15:46:56","date_gmt":"2024-11-19T12:46:56","guid":{"rendered":"https:\/\/demosites.royal-elementor-addons.com\/plumbing-v1\/?page_id=8"},"modified":"2025-04-05T14:44:10","modified_gmt":"2025-04-05T11:44:10","slug":"hakkimizda","status":"publish","type":"page","link":"https:\/\/www.dnsmadencilik.com.tc\/?page_id=8","title":{"rendered":"Hakk\u0131m\u0131zda"},"content":{"rendered":"\t\t<div data-elementor-type=\"wp-page\" data-elementor-id=\"8\" class=\"elementor elementor-8\">\n\t\t\t\t<div class=\"elementor-element elementor-element-c46a941 e-flex e-con-boxed wpr-particle-no wpr-jarallax-no wpr-parallax-no wpr-sticky-section-no e-con e-parent\" data-id=\"c46a941\" data-element_type=\"container\" data-settings=\"{&quot;background_background&quot;:&quot;classic&quot;}\">\n\t\t\t\t\t<div class=\"e-con-inner\">\n\t\t<div class=\"elementor-element elementor-element-8b6621b e-con-full e-flex wpr-particle-no wpr-jarallax-no wpr-parallax-no wpr-sticky-section-no e-con e-child\" data-id=\"8b6621b\" data-element_type=\"container\">\n\t\t\t\t<div class=\"elementor-element elementor-element-0ee3888 elementor-widget elementor-widget-heading\" data-id=\"0ee3888\" data-element_type=\"widget\" data-widget_type=\"heading.default\">\n\t\t\t\t<div class=\"elementor-widget-container\">\n\t\t\t\t\t<h1 class=\"elementor-heading-title elementor-size-default\">Hakk\u0131m\u0131zda<\/h1>\t\t\t\t<\/div>\n\t\t\t\t<\/div>\n\t\t\t\t<div class=\"elementor-element elementor-element-fbdfdaf elementor-widget-divider--separator-type-pattern elementor-widget-divider--view-line elementor-widget elementor-widget-divider\" data-id=\"fbdfdaf\" data-element_type=\"widget\" data-widget_type=\"divider.default\">\n\t\t\t\t<div class=\"elementor-widget-container\">\n\t\t\t\t\t\t\t<div class=\"elementor-divider\" style=\"--divider-pattern-url: url(&quot;data:image\/svg+xml,%3Csvg xmlns=&#039;http:\/\/www.w3.org\/2000\/svg&#039; preserveAspectRatio=&#039;none&#039; overflow=&#039;visible&#039; height=&#039;100%&#039; viewBox=&#039;0 0 20 16&#039; fill=&#039;none&#039; stroke=&#039;black&#039; stroke-width=&#039;2&#039; stroke-linecap=&#039;square&#039; stroke-miterlimit=&#039;10&#039;%3E%3Cg transform=&#039;translate(-12.000000, 0)&#039;%3E%3Cpath d=&#039;M28,0L10,18&#039;\/%3E%3Cpath d=&#039;M18,0L0,18&#039;\/%3E%3Cpath d=&#039;M48,0L30,18&#039;\/%3E%3Cpath d=&#039;M38,0L20,18&#039;\/%3E%3C\/g%3E%3C\/svg%3E&quot;);\">\n\t\t\t<span class=\"elementor-divider-separator\">\n\t\t\t\t\t\t<\/span>\n\t\t<\/div>\n\t\t\t\t\t\t<\/div>\n\t\t\t\t<\/div>\n\t\t\t\t<\/div>\n\t\t\t\t\t<\/div>\n\t\t\t\t<\/div>\n\t\t<div class=\"elementor-element elementor-element-d289526 e-flex e-con-boxed wpr-particle-no wpr-jarallax-no wpr-parallax-no wpr-sticky-section-no e-con e-parent\" data-id=\"d289526\" data-element_type=\"container\">\n\t\t\t\t\t<div class=\"e-con-inner\">\n\t\t<div class=\"elementor-element elementor-element-6c84fa4 e-con-full elementor-hidden-tablet e-flex wpr-particle-no wpr-jarallax-no wpr-parallax-no wpr-sticky-section-no e-con e-child\" data-id=\"6c84fa4\" data-element_type=\"container\">\n\t\t\t\t<div class=\"elementor-element elementor-element-5fe285c elementor-invisible elementor-widget elementor-widget-image\" data-id=\"5fe285c\" data-element_type=\"widget\" data-settings=\"{&quot;_animation&quot;:&quot;fadeIn&quot;}\" data-widget_type=\"image.default\">\n\t\t\t\t<div class=\"elementor-widget-container\">\n\t\t\t\t\t\t\t\t\t\t\t\t\t\t\t<img fetchpriority=\"high\" decoding=\"async\" width=\"1290\" height=\"1277\" src=\"https:\/\/www.dnsmadencilik.com.tc\/wp-content\/uploads\/2025\/04\/22265325-d3a5-44bd-9ca4-b1ba4761af8d.jpg\" class=\"attachment-full size-full wp-image-1109\" alt=\"\" srcset=\"https:\/\/www.dnsmadencilik.com.tc\/wp-content\/uploads\/2025\/04\/22265325-d3a5-44bd-9ca4-b1ba4761af8d.jpg 1290w, https:\/\/www.dnsmadencilik.com.tc\/wp-content\/uploads\/2025\/04\/22265325-d3a5-44bd-9ca4-b1ba4761af8d-300x297.jpg 300w, https:\/\/www.dnsmadencilik.com.tc\/wp-content\/uploads\/2025\/04\/22265325-d3a5-44bd-9ca4-b1ba4761af8d-1024x1014.jpg 1024w, https:\/\/www.dnsmadencilik.com.tc\/wp-content\/uploads\/2025\/04\/22265325-d3a5-44bd-9ca4-b1ba4761af8d-768x760.jpg 768w\" sizes=\"(max-width: 1290px) 100vw, 1290px\" \/>\t\t\t\t\t\t\t\t\t\t\t\t\t\t\t<\/div>\n\t\t\t\t<\/div>\n\t\t\t\t<\/div>\n\t\t<div class=\"elementor-element elementor-element-3f15761 e-con-full e-flex wpr-particle-no wpr-jarallax-no wpr-parallax-no wpr-sticky-section-no elementor-invisible e-con e-child\" data-id=\"3f15761\" data-element_type=\"container\" data-settings=\"{&quot;animation&quot;:&quot;slideInRight&quot;}\">\n\t\t\t\t<div class=\"elementor-element elementor-element-5368246 elementor-widget elementor-widget-heading\" data-id=\"5368246\" data-element_type=\"widget\" data-widget_type=\"heading.default\">\n\t\t\t\t<div class=\"elementor-widget-container\">\n\t\t\t\t\t<h2 class=\"elementor-heading-title elementor-size-default\">DNS MADENC\u0130L\u0130K<\/h2>\t\t\t\t<\/div>\n\t\t\t\t<\/div>\n\t\t\t\t<div class=\"elementor-element elementor-element-4e21024 elementor-widget elementor-widget-heading\" data-id=\"4e21024\" data-element_type=\"widget\" data-widget_type=\"heading.default\">\n\t\t\t\t<div class=\"elementor-widget-container\">\n\t\t\t\t\t<h2 class=\"elementor-heading-title elementor-size-default\">HAKKIMIZDA<\/h2>\t\t\t\t<\/div>\n\t\t\t\t<\/div>\n\t\t\t\t<div class=\"elementor-element elementor-element-0cbb6c2 elementor-widget elementor-widget-text-editor\" data-id=\"0cbb6c2\" data-element_type=\"widget\" data-widget_type=\"text-editor.default\">\n\t\t\t\t<div class=\"elementor-widget-container\">\n\t\t\t\t\t\t\t\t\t<p class=\"\" data-start=\"195\" data-end=\"459\">DNS Madencilik ve Anka Global olarak, madencilik ve in\u015faat sekt\u00f6rlerinde g\u00fcvenilir, s\u00fcrd\u00fcr\u00fclebilir ve y\u00fcksek kaliteli \u00fcretim anlay\u0131\u015f\u0131m\u0131zla faaliyet g\u00f6stermekteyiz. T\u00fcrkiye&#8217;nin farkl\u0131 b\u00f6lgelerinde bulunan \u00fcretim tesislerimizle geni\u015f bir co\u011frafyaya hizmet sunuyoruz.<\/p><p class=\"\" data-start=\"461\" data-end=\"886\">Mardin Derik mevkisinde bulunan maden oca\u011f\u0131m\u0131zdan, \u0130zmir Bergama\u2019daki Ta\u00e7 Madeni\u2019ne ve Diyarbak\u0131r Ergani\u2019deki ta\u015f oca\u011f\u0131m\u0131za kadar bir\u00e7ok stratejik noktada \u00fcretim yaparak sekt\u00f6re de\u011fer kat\u0131yoruz. Her biri kendi alan\u0131nda uzman ekiplerimizle, kum, m\u0131c\u0131r, alt temel, \u00fcst temel, mekanik stabilize malzeme \u00fcretimi; ayr\u0131ca haz\u0131r beton, prefabrik beton ve siyah bazalt ta\u015f kesimi gibi alanlarda y\u00fcksek kapasiteyle hizmet vermekteyiz.<\/p><p class=\"\" data-start=\"888\" data-end=\"1116\">DNS Madencilik, sahadaki g\u00fcc\u00fc ve \u00fcretim kabiliyetiyle projelere zaman\u0131nda ve kaliteli \u00e7\u00f6z\u00fcmler sunarken; Anka Global, sekt\u00f6r deneyimi ve geni\u015f lojistik a\u011f\u0131 ile bu de\u011fer zincirini ulusal ve uluslararas\u0131 pazarlara ula\u015ft\u0131rmaktad\u0131r.<\/p><p class=\"\" data-start=\"1118\" data-end=\"1294\">M\u00fc\u015fteri memnuniyetini, \u00e7evre duyarl\u0131l\u0131\u011f\u0131n\u0131 ve s\u00fcrd\u00fcr\u00fclebilir \u00fcretimi ilke edinen firmalar\u0131m\u0131z, i\u015f ortaklar\u0131m\u0131zla birlikte \u00fclkemizin kalk\u0131nmas\u0131na katk\u0131 sunmaya devam etmektedir.<\/p>\t\t\t\t\t\t\t\t<\/div>\n\t\t\t\t<\/div>\n\t\t\t\t<div class=\"elementor-element elementor-element-72853a2 wpr-button-icon-style-inline wpr-button-icon-position-right elementor-widget elementor-widget-wpr-button\" data-id=\"72853a2\" data-element_type=\"widget\" data-widget_type=\"wpr-button.default\">\n\t\t\t\t<div class=\"elementor-widget-container\">\n\t\t\t\t\t\t\n\t\t\t\n\t\t\n\t\t<div class=\"wpr-button-wrap elementor-clearfix\">\n\t\t<a class=\"wpr-button wpr-button-effect wpr-button-none\" data-text=\"Go\" href=\"#link\">\n\t\t\t\n\t\t\t<span class=\"wpr-button-content\">\n\t\t\t\t\t\t\t\t\t<span class=\"wpr-button-text\">Bize Ula\u015f\u0131n<\/span>\n\t\t\t\t\t\t\t\t\n\t\t\t\t\t\t\t<\/span>\n\t\t<\/a>\n\n\t\t\t\t<\/div>\n\t\n\t\n\t\t\t\t\t<\/div>\n\t\t\t\t<\/div>\n\t\t\t\t<\/div>\n\t\t\t\t\t<\/div>\n\t\t\t\t<\/div>\n\t\t\t\t<\/div>\n\t\t","protected":false},"excerpt":{"rendered":"<p>Hakk\u0131m\u0131zda DNS MADENC\u0130L\u0130K HAKKIMIZDA DNS Madencilik ve Anka Global olarak, madencilik ve in\u015faat sekt\u00f6rlerinde g\u00fcvenilir, s\u00fcrd\u00fcr\u00fclebilir ve y\u00fcksek kaliteli \u00fcretim anlay\u0131\u015f\u0131m\u0131zla faaliyet g\u00f6stermekteyiz. T\u00fcrkiye&#8217;nin farkl\u0131 b\u00f6lgelerinde bulunan \u00fcretim tesislerimizle geni\u015f bir co\u011frafyaya hizmet sunuyoruz. Mardin Derik mevkisinde bulunan maden oca\u011f\u0131m\u0131zdan, \u0130zmir Bergama\u2019daki Ta\u00e7 Madeni\u2019ne ve Diyarbak\u0131r Ergani\u2019deki ta\u015f oca\u011f\u0131m\u0131za kadar bir\u00e7ok stratejik noktada \u00fcretim yaparak sekt\u00f6re de\u011fer kat\u0131yoruz. Her biri kendi alan\u0131nda uzman ekiplerimizle, kum, m\u0131c\u0131r, alt temel, \u00fcst temel, mekanik stabilize malzeme \u00fcretimi; ayr\u0131ca haz\u0131r beton, prefabrik beton ve siyah bazalt ta\u015f kesimi gibi alanlarda y\u00fcksek kapasiteyle hizmet vermekteyiz. DNS Madencilik, sahadaki g\u00fcc\u00fc ve \u00fcretim kabiliyetiyle projelere zaman\u0131nda ve kaliteli \u00e7\u00f6z\u00fcmler sunarken; Anka Global, sekt\u00f6r deneyimi ve geni\u015f lojistik a\u011f\u0131 ile bu de\u011fer zincirini ulusal ve uluslararas\u0131 pazarlara ula\u015ft\u0131rmaktad\u0131r. M\u00fc\u015fteri memnuniyetini, \u00e7evre duyarl\u0131l\u0131\u011f\u0131n\u0131 ve s\u00fcrd\u00fcr\u00fclebilir \u00fcretimi ilke edinen firmalar\u0131m\u0131z, i\u015f ortaklar\u0131m\u0131zla birlikte \u00fclkemizin kalk\u0131nmas\u0131na katk\u0131 sunmaya devam etmektedir. Bize Ula\u015f\u0131n<\/p>\n","protected":false},"author":1,"featured_media":0,"parent":0,"menu_order":0,"comment_status":"closed","ping_status":"closed","template":"elementor_canvas","meta":{"site-sidebar-layout":"default","site-content-layout":"","ast-site-content-layout":"","site-content-style":"default","site-sidebar-style":"default","ast-global-header-display":"","ast-banner-title-visibility":"","ast-main-header-display":"","ast-hfb-above-header-display":"","ast-hfb-below-header-display":"","ast-hfb-mobile-header-display":"","site-post-title":"","ast-breadcrumbs-content":"","ast-featured-img":"","footer-sml-layout":"","theme-transparent-header-meta":"","adv-header-id-meta":"","stick-header-meta":"","header-above-stick-meta":"","header-main-stick-meta":"","header-below-stick-meta":"","astra-migrate-meta-layouts":"default","ast-page-background-enabled":"default","ast-page-background-meta":{"desktop":{"background-color":"var(--ast-global-color-5)","background-image":"","background-repeat":"repeat","background-position":"center center","background-size":"auto","background-attachment":"scroll","background-type":"","background-media":"","overlay-type":"","overlay-color":"","overlay-opacity":"","overlay-gradient":""},"tablet":{"background-color":"","background-image":"","background-repeat":"repeat","background-position":"center center","background-size":"auto","background-attachment":"scroll","background-type":"","background-media":"","overlay-type":"","overlay-color":"","overlay-opacity":"","overlay-gradient":""},"mobile":{"background-color":"","background-image":"","background-repeat":"repeat","background-position":"center center","background-size":"auto","background-attachment":"scroll","background-type":"","background-media":"","overlay-type":"","overlay-color":"","overlay-opacity":"","overlay-gradient":""}},"ast-content-background-meta":{"desktop":{"background-color":"var(--ast-global-color-4)","background-image":"","background-repeat":"repeat","background-position":"center center","background-size":"auto","background-attachment":"scroll","background-type":"","background-media":"","overlay-type":"","overlay-color":"","overlay-opacity":"","overlay-gradient":""},"tablet":{"background-color":"var(--ast-global-color-4)","background-image":"","background-repeat":"repeat","background-position":"center center","background-size":"auto","background-attachment":"scroll","background-type":"","background-media":"","overlay-type":"","overlay-color":"","overlay-opacity":"","overlay-gradient":""},"mobile":{"background-color":"var(--ast-global-color-4)","background-image":"","background-repeat":"repeat","background-position":"center center","background-size":"auto","background-attachment":"scroll","background-type":"","background-media":"","overlay-type":"","overlay-color":"","overlay-opacity":"","overlay-gradient":""}},"footnotes":""},"class_list":["post-8","page","type-page","status-publish","hentry"],"_links":{"self":[{"href":"https:\/\/www.dnsmadencilik.com.tc\/index.php?rest_route=\/wp\/v2\/pages\/8","targetHints":{"allow":["GET"]}}],"collection":[{"href":"https:\/\/www.dnsmadencilik.com.tc\/index.php?rest_route=\/wp\/v2\/pages"}],"about":[{"href":"https:\/\/www.dnsmadencilik.com.tc\/index.php?rest_route=\/wp\/v2\/types\/page"}],"author":[{"embeddable":true,"href":"https:\/\/www.dnsmadencilik.com.tc\/index.php?rest_route=\/wp\/v2\/users\/1"}],"replies":[{"embeddable":true,"href":"https:\/\/www.dnsmadencilik.com.tc\/index.php?rest_route=%2Fwp%2Fv2%2Fcomments&post=8"}],"version-history":[{"count":4,"href":"https:\/\/www.dnsmadencilik.com.tc\/index.php?rest_route=\/wp\/v2\/pages\/8\/revisions"}],"predecessor-version":[{"id":1174,"href":"https:\/\/www.dnsmadencilik.com.tc\/index.php?rest_route=\/wp\/v2\/pages\/8\/revisions\/1174"}],"wp:attachment":[{"href":"https:\/\/www.dnsmadencilik.com.tc\/index.php?rest_route=%2Fwp%2Fv2%2Fmedia&parent=8"}],"curies":[{"name":"wp","href":"https:\/\/api.w.org\/{rel}","templated":true}]}}