{"id":9,"date":"2024-11-19T15:47:02","date_gmt":"2024-11-19T12:47:02","guid":{"rendered":"https:\/\/demosites.royal-elementor-addons.com\/plumbing-v1\/?page_id=9"},"modified":"2025-04-10T22:00:50","modified_gmt":"2025-04-10T19:00:50","slug":"izmir-bergama-maden-tac-ocagi","status":"publish","type":"page","link":"https:\/\/www.dnsmadencilik.com.tc\/?page_id=9","title":{"rendered":"\u0130zmir bergama maden ta\u015f oca\u011f\u0131"},"content":{"rendered":"\t\t<div data-elementor-type=\"wp-page\" data-elementor-id=\"9\" class=\"elementor elementor-9\">\n\t\t\t\t<div class=\"elementor-element elementor-element-c49d558 e-flex e-con-boxed wpr-particle-no wpr-jarallax-no wpr-parallax-no wpr-sticky-section-no e-con e-parent\" data-id=\"c49d558\" data-element_type=\"container\" data-settings=\"{&quot;background_background&quot;:&quot;classic&quot;}\">\n\t\t\t\t\t<div class=\"e-con-inner\">\n\t\t<div class=\"elementor-element elementor-element-67c6f2a e-con-full e-flex wpr-particle-no wpr-jarallax-no wpr-parallax-no wpr-sticky-section-no e-con e-child\" data-id=\"67c6f2a\" data-element_type=\"container\">\n\t\t\t\t<div class=\"elementor-element elementor-element-f1fb18a elementor-widget elementor-widget-heading\" data-id=\"f1fb18a\" data-element_type=\"widget\" data-widget_type=\"heading.default\">\n\t\t\t\t<div class=\"elementor-widget-container\">\n\t\t\t\t\t<h1 class=\"elementor-heading-title elementor-size-default\">\u0130zmir Bergama Maden Ta\u015f Oca\u011f\u0131<\/h1>\t\t\t\t<\/div>\n\t\t\t\t<\/div>\n\t\t\t\t<div class=\"elementor-element elementor-element-526c7b8 elementor-widget-divider--separator-type-pattern elementor-widget-divider--view-line elementor-widget elementor-widget-divider\" data-id=\"526c7b8\" data-element_type=\"widget\" data-widget_type=\"divider.default\">\n\t\t\t\t<div class=\"elementor-widget-container\">\n\t\t\t\t\t\t\t<div class=\"elementor-divider\" style=\"--divider-pattern-url: url(&quot;data:image\/svg+xml,%3Csvg xmlns=&#039;http:\/\/www.w3.org\/2000\/svg&#039; preserveAspectRatio=&#039;none&#039; overflow=&#039;visible&#039; height=&#039;100%&#039; viewBox=&#039;0 0 20 16&#039; fill=&#039;none&#039; stroke=&#039;black&#039; stroke-width=&#039;2&#039; stroke-linecap=&#039;square&#039; stroke-miterlimit=&#039;10&#039;%3E%3Cg transform=&#039;translate(-12.000000, 0)&#039;%3E%3Cpath d=&#039;M28,0L10,18&#039;\/%3E%3Cpath d=&#039;M18,0L0,18&#039;\/%3E%3Cpath d=&#039;M48,0L30,18&#039;\/%3E%3Cpath d=&#039;M38,0L20,18&#039;\/%3E%3C\/g%3E%3C\/svg%3E&quot;);\">\n\t\t\t<span class=\"elementor-divider-separator\">\n\t\t\t\t\t\t<\/span>\n\t\t<\/div>\n\t\t\t\t\t\t<\/div>\n\t\t\t\t<\/div>\n\t\t\t\t<\/div>\n\t\t\t\t\t<\/div>\n\t\t\t\t<\/div>\n\t\t<div class=\"elementor-element elementor-element-2061c79 e-flex e-con-boxed wpr-particle-no wpr-jarallax-no wpr-parallax-no wpr-sticky-section-no e-con e-parent\" data-id=\"2061c79\" data-element_type=\"container\">\n\t\t\t\t\t<div class=\"e-con-inner\">\n\t\t\t\t<div class=\"elementor-element elementor-element-52c724f elementor-widget elementor-widget-heading\" data-id=\"52c724f\" data-element_type=\"widget\" data-widget_type=\"heading.default\">\n\t\t\t\t<div class=\"elementor-widget-container\">\n\t\t\t\t\t<h2 class=\"elementor-heading-title elementor-size-default\">DNS MADENC\u0130L\u0130K<\/h2>\t\t\t\t<\/div>\n\t\t\t\t<\/div>\n\t\t\t\t<div class=\"elementor-element elementor-element-8d44999 elementor-widget elementor-widget-text-editor\" data-id=\"8d44999\" data-element_type=\"widget\" data-widget_type=\"text-editor.default\">\n\t\t\t\t<div class=\"elementor-widget-container\">\n\t\t\t\t\t\t\t\t\t<h3 class=\"\" data-start=\"127\" data-end=\"202\"><strong data-start=\"131\" data-end=\"202\">Bergama Ta\u015f Oca\u011f\u0131m\u0131zla Ege B\u00f6lgesi\u2019nin Yap\u0131 G\u00fcc\u00fcne Katk\u0131 Sa\u011fl\u0131yoruz<\/strong><\/h3><p class=\"\" data-start=\"204\" data-end=\"542\">DNS Madencilik olarak, T\u00fcrkiye\u2019nin farkl\u0131 b\u00f6lgelerinde faaliyet g\u00f6sterdi\u011fimiz ta\u015f ocaklar\u0131m\u0131zdan biri de <strong data-start=\"309\" data-end=\"339\">\u0130zmir\u2019in Bergama il\u00e7esinde<\/strong> yer almaktad\u0131r. Ege B\u00f6lgesi\u2019nin \u00f6nemli do\u011fal kaynak alanlar\u0131ndan biri olan bu b\u00f6lgede kurulu ta\u015f oca\u011f\u0131m\u0131z, kaliteli ham madde \u00fcretimiyle in\u015faat, altyap\u0131 ve beton sanayiine kesintisiz hizmet sunmaktad\u0131r.<\/p><p class=\"\" data-start=\"544\" data-end=\"990\">Bergama maden saham\u0131zda, ba\u015fta m\u0131c\u0131r, dolgu malzemesi ve k\u0131rma ta\u015f olmak \u00fczere \u00e7e\u015fitli agrega t\u00fcrlerinin \u00fcretimini modern ekipmanlar ve y\u00fcksek \u00fcretim kapasitesine sahip tesislerimizle ger\u00e7ekle\u015ftiriyoruz. \u00dcretilen malzemeler, \u00f6zellikle yol yap\u0131m\u0131, k\u00f6pr\u00fc, viyad\u00fck, baraj, havaalan\u0131 ve b\u00fcy\u00fck \u00f6l\u00e7ekli in\u015faat projelerinde tercih edilmektedir. M\u00fckemmel gran\u00fclometriye sahip malzemelerimiz, dayan\u0131kl\u0131l\u0131k ve performans a\u00e7\u0131s\u0131ndan sekt\u00f6rde \u00f6ne \u00e7\u0131kmaktad\u0131r.<\/p><p class=\"\" data-start=\"992\" data-end=\"1392\">Bergama\u2019daki ta\u015f oca\u011f\u0131m\u0131z\u0131n en b\u00fcy\u00fck avantajlar\u0131ndan biri de <strong data-start=\"1053\" data-end=\"1124\">Ege B\u00f6lgesi\u2019nin sanayi, liman ve lojistik merkezlerine yak\u0131nl\u0131\u011f\u0131d\u0131r<\/strong>. Bu stratejik konum sayesinde, ba\u015fta \u0130zmir olmak \u00fczere Manisa, Ayd\u0131n, Bal\u0131kesir ve \u00e7evre illere h\u0131zl\u0131 ve ekonomik sevkiyat imk\u00e2n\u0131 sunuyoruz. Y\u00fcksek tonajl\u0131 \u00fcretim kapasitemiz ve g\u00fc\u00e7l\u00fc ara\u00e7 filomuz ile b\u00fcy\u00fck projelere zaman\u0131nda ve eksiksiz malzeme tedari\u011fi sa\u011fl\u0131yoruz.<\/p><p class=\"\" data-start=\"1394\" data-end=\"1713\">\u00c7evresel etkileri en aza indirgeyen s\u00fcrd\u00fcr\u00fclebilir madencilik anlay\u0131\u015f\u0131m\u0131zla, hem do\u011fay\u0131 koruyor hem de sekt\u00f6rel ihtiyac\u0131 kar\u015f\u0131l\u0131yoruz. Bergama ta\u015f oca\u011f\u0131m\u0131z, sadece \u00fcretim yapmakla kalmay\u0131p ayn\u0131 zamanda b\u00f6lge ekonomisine istihdam sa\u011flayan ve yerel kalk\u0131nmay\u0131 destekleyen bir i\u015fletme olarak faaliyetlerini s\u00fcrd\u00fcrmektedir.<\/p><p class=\"\" data-start=\"1715\" data-end=\"1954\">DNS Madencilik olarak hedefimiz; kalite, g\u00fcven ve s\u00fcrd\u00fcr\u00fclebilirlikten \u00f6d\u00fcn vermeden, Ege B\u00f6lgesi ba\u015fta olmak \u00fczere t\u00fcm T\u00fcrkiye\u2019nin yap\u0131 sekt\u00f6r\u00fcne de\u011fer katmakt\u0131r. Bergama ta\u015f oca\u011f\u0131m\u0131zla projelerinize g\u00fc\u00e7 kat\u0131yor, sa\u011flam temeller at\u0131yoruz.<\/p>\t\t\t\t\t\t\t\t<\/div>\n\t\t\t\t<\/div>\n\t\t\t\t\t<\/div>\n\t\t\t\t<\/div>\n\t\t\t\t<\/div>\n\t\t","protected":false},"excerpt":{"rendered":"<p>\u0130zmir Bergama Maden Ta\u015f Oca\u011f\u0131 DNS MADENC\u0130L\u0130K Bergama Ta\u015f Oca\u011f\u0131m\u0131zla Ege B\u00f6lgesi\u2019nin Yap\u0131 G\u00fcc\u00fcne Katk\u0131 Sa\u011fl\u0131yoruz DNS Madencilik olarak, T\u00fcrkiye\u2019nin farkl\u0131 b\u00f6lgelerinde faaliyet g\u00f6sterdi\u011fimiz ta\u015f ocaklar\u0131m\u0131zdan biri de \u0130zmir\u2019in Bergama il\u00e7esinde yer almaktad\u0131r. Ege B\u00f6lgesi\u2019nin \u00f6nemli do\u011fal kaynak alanlar\u0131ndan biri olan bu b\u00f6lgede kurulu ta\u015f oca\u011f\u0131m\u0131z, kaliteli ham madde \u00fcretimiyle in\u015faat, altyap\u0131 ve beton sanayiine kesintisiz hizmet sunmaktad\u0131r. Bergama maden saham\u0131zda, ba\u015fta m\u0131c\u0131r, dolgu malzemesi ve k\u0131rma ta\u015f olmak \u00fczere \u00e7e\u015fitli agrega t\u00fcrlerinin \u00fcretimini modern ekipmanlar ve y\u00fcksek \u00fcretim kapasitesine sahip tesislerimizle ger\u00e7ekle\u015ftiriyoruz. \u00dcretilen malzemeler, \u00f6zellikle yol yap\u0131m\u0131, k\u00f6pr\u00fc, viyad\u00fck, baraj, havaalan\u0131 ve b\u00fcy\u00fck \u00f6l\u00e7ekli in\u015faat projelerinde tercih edilmektedir. M\u00fckemmel gran\u00fclometriye sahip malzemelerimiz, dayan\u0131kl\u0131l\u0131k ve performans a\u00e7\u0131s\u0131ndan sekt\u00f6rde \u00f6ne \u00e7\u0131kmaktad\u0131r. Bergama\u2019daki ta\u015f oca\u011f\u0131m\u0131z\u0131n en b\u00fcy\u00fck avantajlar\u0131ndan biri de Ege B\u00f6lgesi\u2019nin sanayi, liman ve lojistik merkezlerine yak\u0131nl\u0131\u011f\u0131d\u0131r. Bu stratejik konum sayesinde, ba\u015fta \u0130zmir olmak \u00fczere Manisa, Ayd\u0131n, Bal\u0131kesir ve \u00e7evre illere h\u0131zl\u0131 ve ekonomik sevkiyat imk\u00e2n\u0131 sunuyoruz. Y\u00fcksek tonajl\u0131 \u00fcretim kapasitemiz ve g\u00fc\u00e7l\u00fc ara\u00e7 filomuz ile b\u00fcy\u00fck projelere zaman\u0131nda ve eksiksiz malzeme tedari\u011fi sa\u011fl\u0131yoruz. \u00c7evresel etkileri en aza indirgeyen s\u00fcrd\u00fcr\u00fclebilir madencilik anlay\u0131\u015f\u0131m\u0131zla, hem do\u011fay\u0131 koruyor hem de sekt\u00f6rel ihtiyac\u0131 kar\u015f\u0131l\u0131yoruz. Bergama ta\u015f oca\u011f\u0131m\u0131z, sadece \u00fcretim yapmakla kalmay\u0131p ayn\u0131 zamanda b\u00f6lge ekonomisine istihdam sa\u011flayan ve yerel kalk\u0131nmay\u0131 destekleyen bir i\u015fletme olarak faaliyetlerini s\u00fcrd\u00fcrmektedir. DNS Madencilik olarak hedefimiz; kalite, g\u00fcven ve s\u00fcrd\u00fcr\u00fclebilirlikten \u00f6d\u00fcn vermeden, Ege B\u00f6lgesi ba\u015fta olmak \u00fczere t\u00fcm T\u00fcrkiye\u2019nin yap\u0131 sekt\u00f6r\u00fcne de\u011fer katmakt\u0131r. Bergama ta\u015f oca\u011f\u0131m\u0131zla projelerinize g\u00fc\u00e7 kat\u0131yor, sa\u011flam temeller at\u0131yoruz.<\/p>\n","protected":false},"author":1,"featured_media":0,"parent":0,"menu_order":0,"comment_status":"closed","ping_status":"closed","template":"elementor_canvas","meta":{"site-sidebar-layout":"default","site-content-layout":"","ast-site-content-layout":"","site-content-style":"default","site-sidebar-style":"default","ast-global-header-display":"","ast-banner-title-visibility":"","ast-main-header-display":"","ast-hfb-above-header-display":"","ast-hfb-below-header-display":"","ast-hfb-mobile-header-display":"","site-post-title":"","ast-breadcrumbs-content":"","ast-featured-img":"","footer-sml-layout":"","theme-transparent-header-meta":"","adv-header-id-meta":"","stick-header-meta":"","header-above-stick-meta":"","header-main-stick-meta":"","header-below-stick-meta":"","astra-migrate-meta-layouts":"default","ast-page-background-enabled":"default","ast-page-background-meta":{"desktop":{"background-color":"var(--ast-global-color-5)","background-image":"","background-repeat":"repeat","background-position":"center center","background-size":"auto","background-attachment":"scroll","background-type":"","background-media":"","overlay-type":"","overlay-color":"","overlay-opacity":"","overlay-gradient":""},"tablet":{"background-color":"","background-image":"","background-repeat":"repeat","background-position":"center center","background-size":"auto","background-attachment":"scroll","background-type":"","background-media":"","overlay-type":"","overlay-color":"","overlay-opacity":"","overlay-gradient":""},"mobile":{"background-color":"","background-image":"","background-repeat":"repeat","background-position":"center center","background-size":"auto","background-attachment":"scroll","background-type":"","background-media":"","overlay-type":"","overlay-color":"","overlay-opacity":"","overlay-gradient":""}},"ast-content-background-meta":{"desktop":{"background-color":"var(--ast-global-color-4)","background-image":"","background-repeat":"repeat","background-position":"center center","background-size":"auto","background-attachment":"scroll","background-type":"","background-media":"","overlay-type":"","overlay-color":"","overlay-opacity":"","overlay-gradient":""},"tablet":{"background-color":"var(--ast-global-color-4)","background-image":"","background-repeat":"repeat","background-position":"center center","background-size":"auto","background-attachment":"scroll","background-type":"","background-media":"","overlay-type":"","overlay-color":"","overlay-opacity":"","overlay-gradient":""},"mobile":{"background-color":"var(--ast-global-color-4)","background-image":"","background-repeat":"repeat","background-position":"center center","background-size":"auto","background-attachment":"scroll","background-type":"","background-media":"","overlay-type":"","overlay-color":"","overlay-opacity":"","overlay-gradient":""}},"footnotes":""},"class_list":["post-9","page","type-page","status-publish","hentry"],"_links":{"self":[{"href":"https:\/\/www.dnsmadencilik.com.tc\/index.php?rest_route=\/wp\/v2\/pages\/9","targetHints":{"allow":["GET"]}}],"collection":[{"href":"https:\/\/www.dnsmadencilik.com.tc\/index.php?rest_route=\/wp\/v2\/pages"}],"about":[{"href":"https:\/\/www.dnsmadencilik.com.tc\/index.php?rest_route=\/wp\/v2\/types\/page"}],"author":[{"embeddable":true,"href":"https:\/\/www.dnsmadencilik.com.tc\/index.php?rest_route=\/wp\/v2\/users\/1"}],"replies":[{"embeddable":true,"href":"https:\/\/www.dnsmadencilik.com.tc\/index.php?rest_route=%2Fwp%2Fv2%2Fcomments&post=9"}],"version-history":[{"count":10,"href":"https:\/\/www.dnsmadencilik.com.tc\/index.php?rest_route=\/wp\/v2\/pages\/9\/revisions"}],"predecessor-version":[{"id":1216,"href":"https:\/\/www.dnsmadencilik.com.tc\/index.php?rest_route=\/wp\/v2\/pages\/9\/revisions\/1216"}],"wp:attachment":[{"href":"https:\/\/www.dnsmadencilik.com.tc\/index.php?rest_route=%2Fwp%2Fv2%2Fmedia&parent=9"}],"curies":[{"name":"wp","href":"https:\/\/api.w.org\/{rel}","templated":true}]}}